{"id":4245,"date":"2018-09-26T11:45:15","date_gmt":"2018-09-26T10:45:15","guid":{"rendered":"http:\/\/www.kf-bruchsal.de\/?page_id=4245"},"modified":"2025-11-23T23:05:21","modified_gmt":"2025-11-23T22:05:21","slug":"gottesdienste","status":"publish","type":"page","link":"https:\/\/www.kf-bruchsal.de\/index.php\/gottesdienste\/","title":{"rendered":"Gottesdienste"},"content":{"rendered":"<p>Der <b>Gottesdienst<\/b> ist der zentrale Treffpunkt der Gemeinde und unsere wichtigste Veranstaltung f\u00fcr Alt und Jung. Auch wenn du dem christlichen Glauben skeptisch gegen\u00fcberstehst, deine religi\u00f6sen \u00dcberzeugungen nicht mit unseren \u00fcbereinstimmen und egal, welche Pr\u00e4gung, Weltanschauung oder Ansichten du hast \u2013 wir freuen uns \u00fcber deinen Besuch in unseren Gottesdiensten. Wir beginnen jeden Sonntag um 10:30 Uhr. Im Anschluss an den Gottesdienst bieten wir an unserer Kaffeebar noch Kaffee und Kuchen an.<\/p>\n<p>Die Gottesdienste finden in der Talstra\u00dfe 6 in Bruchsal statt.<\/p>\n<p><img loading=\"lazy\" decoding=\"async\" class=\"alignnone wp-image-81587 size-thumbnail\" src=\"https:\/\/www.kf-bruchsal.de\/wp-content\/uploads\/2023\/11\/5D1A1252-150x150.jpg\" alt=\"\" width=\"150\" height=\"150\" srcset=\"https:\/\/www.kf-bruchsal.de\/wp-content\/uploads\/2023\/11\/5D1A1252-150x150.jpg 150w, https:\/\/www.kf-bruchsal.de\/wp-content\/uploads\/2023\/11\/5D1A1252-300x300.jpg 300w, https:\/\/www.kf-bruchsal.de\/wp-content\/uploads\/2023\/11\/5D1A1252-1024x1024.jpg 1024w, https:\/\/www.kf-bruchsal.de\/wp-content\/uploads\/2023\/11\/5D1A1252-768x768.jpg 768w, https:\/\/www.kf-bruchsal.de\/wp-content\/uploads\/2023\/11\/5D1A1252-1536x1536.jpg 1536w, https:\/\/www.kf-bruchsal.de\/wp-content\/uploads\/2023\/11\/5D1A1252-2048x2048.jpg 2048w, https:\/\/www.kf-bruchsal.de\/wp-content\/uploads\/2023\/11\/5D1A1252-240x240.jpg 240w\" sizes=\"auto, (max-width: 150px) 100vw, 150px\" \/><\/p>\n<p>Du hast eine Frage? Mail an Sara Wagner: <a href=\"mailto:gottesdienste@kf-bruchsal.de\">gottesdienste@kf-bruchsal.de<\/a><\/p>\n","protected":false},"excerpt":{"rendered":"<p>Der Gottesdienst ist der zentrale Treffpunkt der Gemeinde und unsere wichtigste Veranstaltung f\u00fcr Alt und Jung. Auch wenn du dem christlichen Glauben skeptisch gegen\u00fcberstehst, deine religi\u00f6sen \u00dcberzeugungen nicht mit unseren \u00fcbereinstimmen und egal, welche Pr\u00e4gung, Weltanschauung oder Ansichten du hast \u2013 wir freuen uns \u00fcber deinen Besuch in unseren Gottesdiensten. Wir beginnen jeden Sonntag um 10:30 Uhr. Im Anschluss an den Gottesdienst bieten wir an unserer Kaffeebar noch Kaffee und Kuchen an. Die Gottesdienste finden in der Talstra\u00dfe 6 in [&hellip;]<\/p>\n","protected":false},"author":2,"featured_media":84670,"parent":0,"menu_order":0,"comment_status":"closed","ping_status":"closed","template":"","meta":{"ngg_post_thumbnail":0,"footnotes":""},"class_list":["post-4245","page","type-page","status-publish","has-post-thumbnail","hentry","ctfw-has-image"],"_links":{"self":[{"href":"https:\/\/www.kf-bruchsal.de\/index.php\/wp-json\/wp\/v2\/pages\/4245","targetHints":{"allow":["GET"]}}],"collection":[{"href":"https:\/\/www.kf-bruchsal.de\/index.php\/wp-json\/wp\/v2\/pages"}],"about":[{"href":"https:\/\/www.kf-bruchsal.de\/index.php\/wp-json\/wp\/v2\/types\/page"}],"author":[{"embeddable":true,"href":"https:\/\/www.kf-bruchsal.de\/index.php\/wp-json\/wp\/v2\/users\/2"}],"replies":[{"embeddable":true,"href":"https:\/\/www.kf-bruchsal.de\/index.php\/wp-json\/wp\/v2\/comments?post=4245"}],"version-history":[{"count":28,"href":"https:\/\/www.kf-bruchsal.de\/index.php\/wp-json\/wp\/v2\/pages\/4245\/revisions"}],"predecessor-version":[{"id":85200,"href":"https:\/\/www.kf-bruchsal.de\/index.php\/wp-json\/wp\/v2\/pages\/4245\/revisions\/85200"}],"wp:featuredmedia":[{"embeddable":true,"href":"https:\/\/www.kf-bruchsal.de\/index.php\/wp-json\/wp\/v2\/media\/84670"}],"wp:attachment":[{"href":"https:\/\/www.kf-bruchsal.de\/index.php\/wp-json\/wp\/v2\/media?parent=4245"}],"curies":[{"name":"wp","href":"https:\/\/api.w.org\/{rel}","templated":true}]}}