{"id":6,"date":"2013-11-15T15:40:06","date_gmt":"2013-11-15T14:40:06","guid":{"rendered":"http:\/\/kf-bruchsal-media.de\/wpnew\/?page_id=6"},"modified":"2025-11-26T23:20:27","modified_gmt":"2025-11-26T22:20:27","slug":"impressum","status":"publish","type":"page","link":"https:\/\/www.kf-bruchsal.de\/index.php\/impressum\/","title":{"rendered":"Impressum"},"content":{"rendered":"<p><strong>Kirche f\u00fcr Bruchsal e.V. (KfB)<\/strong><\/p>\n<p>E-Mail: office@kf-bruchsal.de<\/p>\n<p>Vereinsregisternummer:&nbsp; VR 231317<br \/>\nRegister: Bruchsal<\/p>\n<p>Vereinssitz:<br \/>\nLorenzrain 44&nbsp; &nbsp; &nbsp;(aktuelle Location der Gemeinde: Talstr. 6)<br \/>\n76646 Bruchsal<\/p>\n<h3>Hinweise Copyright:<\/h3>\n<p>Alle Bilder, Videos, Audios und Texte auf diesen Seiten sind, sofern keine anderen Quellen angegeben werden, urheberrechtlich gesch\u00fctzt und Eigentum von &#8211; Kirche f\u00fcr Bruchsal e.V. &#8211;&nbsp; oder des jeweiligen Fotografen.<br \/>\nOhne ausdr\u00fcckliche schriftliche Genehmigung d\u00fcrfen diese Medien nicht anderweitig verwendet werden.<\/p>\n<h3>Rechtliche Hinweise:<\/h3>\n<p>Links von dieser Web-Site auf Web-Sites Dritter werden nur aus Gr\u00fcnden der Benutzerfreundlichkeit zur Verf\u00fcgung gestellt. Die Aufnahme eines solchen Links impliziert keine Billigung der Inhalte der verkn\u00fcpften Web-Site durch den Kirche f\u00fcr Bruchsal e.V. (KfB) und keine Verbindung zu deren Betreiber. KfB kontrolliert nicht die Inhalte der verkn\u00fcpften Web-Sites und ist nicht f\u00fcr deren Inhalt und ggf. f\u00fcr weiterf\u00fchrende Links verantwortlich. Die Nutzung eines Links kann zum Verlassen der Website von KfB f\u00fchren und erfolgt auf eigene Verantwortung des Nutzers.<\/p>\n<h3>Haftungsausschluss:<\/h3>\n<div>Die Inhalte unserer Internetseiten wurden sorgf\u00e4ltig gepr\u00fcft und nach bestem Wissen erstellt. Dennoch wird kein Anspruch auf inhaltliche Vollst\u00e4ndigkeit, Richtigkeit, Qualit\u00e4t oder Aktualit\u00e4t erhoben. Es wird keine Haftung f\u00fcr Sch\u00e4den \u00fcbernommen, die durch das Vertrauen auf die Inhalte der dargebotenen Informationen und deren Gebrauch oder Nichtgebrauch entstehen.<\/div>\n","protected":false},"excerpt":{"rendered":"<p>Kirche f\u00fcr Bruchsal e.V. (KfB) E-Mail: office@kf-bruchsal.de Vereinsregisternummer:&nbsp; VR 231317 Register: Bruchsal Vereinssitz: Lorenzrain 44&nbsp; &nbsp; &nbsp;(aktuelle Location der Gemeinde: Talstr. 6) 76646 Bruchsal Hinweise Copyright: Alle Bilder, Videos, Audios und Texte auf diesen Seiten sind, sofern keine anderen Quellen angegeben werden, urheberrechtlich gesch\u00fctzt und Eigentum von &#8211; Kirche f\u00fcr Bruchsal e.V. &#8211;&nbsp; oder des jeweiligen Fotografen. Ohne ausdr\u00fcckliche schriftliche Genehmigung d\u00fcrfen diese Medien nicht anderweitig verwendet werden. Rechtliche Hinweise: Links von dieser Web-Site auf Web-Sites Dritter werden nur aus [&hellip;]<\/p>\n","protected":false},"author":2,"featured_media":81574,"parent":0,"menu_order":0,"comment_status":"closed","ping_status":"closed","template":"","meta":{"ngg_post_thumbnail":0,"footnotes":""},"class_list":["post-6","page","type-page","status-publish","has-post-thumbnail","hentry","ctfw-has-image"],"_links":{"self":[{"href":"https:\/\/www.kf-bruchsal.de\/index.php\/wp-json\/wp\/v2\/pages\/6","targetHints":{"allow":["GET"]}}],"collection":[{"href":"https:\/\/www.kf-bruchsal.de\/index.php\/wp-json\/wp\/v2\/pages"}],"about":[{"href":"https:\/\/www.kf-bruchsal.de\/index.php\/wp-json\/wp\/v2\/types\/page"}],"author":[{"embeddable":true,"href":"https:\/\/www.kf-bruchsal.de\/index.php\/wp-json\/wp\/v2\/users\/2"}],"replies":[{"embeddable":true,"href":"https:\/\/www.kf-bruchsal.de\/index.php\/wp-json\/wp\/v2\/comments?post=6"}],"version-history":[{"count":29,"href":"https:\/\/www.kf-bruchsal.de\/index.php\/wp-json\/wp\/v2\/pages\/6\/revisions"}],"predecessor-version":[{"id":85239,"href":"https:\/\/www.kf-bruchsal.de\/index.php\/wp-json\/wp\/v2\/pages\/6\/revisions\/85239"}],"wp:featuredmedia":[{"embeddable":true,"href":"https:\/\/www.kf-bruchsal.de\/index.php\/wp-json\/wp\/v2\/media\/81574"}],"wp:attachment":[{"href":"https:\/\/www.kf-bruchsal.de\/index.php\/wp-json\/wp\/v2\/media?parent=6"}],"curies":[{"name":"wp","href":"https:\/\/api.w.org\/{rel}","templated":true}]}}