{"id":7039,"date":"2020-12-07T21:27:06","date_gmt":"2020-12-07T20:27:06","guid":{"rendered":"https:\/\/www.kf-bruchsal.de\/?page_id=7039"},"modified":"2024-07-07T14:05:08","modified_gmt":"2024-07-07T13:05:08","slug":"imwa-bau-der-ersten-missionsschule-gambias","status":"publish","type":"page","link":"https:\/\/www.kf-bruchsal.de\/index.php\/imwa-bau-der-ersten-missionsschule-gambias\/","title":{"rendered":"IMWA \u2013 Bau der ersten Missionsschule Gambias"},"content":{"rendered":"\r\n<p>&nbsp;<\/p>\r\n\r\n\r\n\r\n<div class=\"wp-block-image\">\r\n<figure class=\"alignleft size-large is-resized\"><img loading=\"lazy\" decoding=\"async\" class=\"alignnone wp-image-81594 size-medium\" src=\"https:\/\/www.kf-bruchsal.de\/wp-content\/uploads\/2023\/11\/f_dF0clw-281x300.jpeg\" alt=\"\" width=\"281\" height=\"300\" srcset=\"https:\/\/www.kf-bruchsal.de\/wp-content\/uploads\/2023\/11\/f_dF0clw-281x300.jpeg 281w, https:\/\/www.kf-bruchsal.de\/wp-content\/uploads\/2023\/11\/f_dF0clw-768x819.jpeg 768w, https:\/\/www.kf-bruchsal.de\/wp-content\/uploads\/2023\/11\/f_dF0clw.jpeg 958w\" sizes=\"auto, (max-width: 281px) 100vw, 281px\" \/><\/figure>\r\n<\/div>\r\n\r\n\r\n\r\n<p>Im Jahr 2012 kaufte die \u00fcberkonfessionelle Missionsgesellschaft IM ein etwa sechs Hektar gro\u00dfes St\u00fcck Land in der Region Sotokoi, nahe der gambischen Hauptstadt Banjul. Bis dato gibt es in Gambia keine eigene Missionsschule. Junge Gambier, die Theologie studieren wollen, gehen ins Ausland &#8211; und viele von ihnen kehren nicht zur\u00fcck. IMWA will nun zum ersten Mal eigene Missionare ausbilden, die in Gambia bleiben und dort das Evangelium weitertragen. Die Schule gew\u00e4hrt au\u00dferdem verfolgten Christen einen Zufluchtsort, um dort gemeinsam zu leben, das Wort Gottes zu studieren und sich durch angebaute landwirtschaftliche Produkte auf dem Missionsgel\u00e4nde selbst zu versorgen.&nbsp;<\/p>\r\n<p><img loading=\"lazy\" decoding=\"async\" class=\"alignnone wp-image-81595 size-full\" src=\"https:\/\/www.kf-bruchsal.de\/wp-content\/uploads\/2023\/11\/IMG_0107-1-1024x683-640x480-1.jpg\" alt=\"\" width=\"640\" height=\"427\" srcset=\"https:\/\/www.kf-bruchsal.de\/wp-content\/uploads\/2023\/11\/IMG_0107-1-1024x683-640x480-1.jpg 640w, https:\/\/www.kf-bruchsal.de\/wp-content\/uploads\/2023\/11\/IMG_0107-1-1024x683-640x480-1-300x200.jpg 300w, https:\/\/www.kf-bruchsal.de\/wp-content\/uploads\/2023\/11\/IMG_0107-1-1024x683-640x480-1-768x512.jpg 768w, https:\/\/www.kf-bruchsal.de\/wp-content\/uploads\/2023\/11\/IMG_0107-1-1024x683-640x480-1-480x320.jpg 480w, https:\/\/www.kf-bruchsal.de\/wp-content\/uploads\/2023\/11\/IMG_0107-1-1024x683-640x480-1-240x160.jpg 240w\" sizes=\"auto, (max-width: 640px) 100vw, 640px\" \/><\/p>\r\n\r\n\r\n\r\n<p><strong>Fadil Ceesay<\/strong> ist Pastor und Direktor dieser Missionsschule Westafrikas, IMWA. Er arbeitet als Theologe, Lehrer und Prediger in verschiedenen Schulen, Gemeinden und anderen Einrichtungen. Er \u00fcbersetzte die Bibel in Mandinka. Bis heute engagiert er sich f\u00fcr verfolgte Christen.<\/p>\r\n<p style=\"text-align: left;\">Wir freuen uns sehr, wenn auch du unsere Arbeit im Gebet oder mit einer finanziellen Spende unterst\u00fctzen m\u00f6chtest. Hier geht\u2019s zum Spendenformular:&nbsp;&nbsp;<\/p>\r\n\r\n\r\n\r\n\r\n\r\n\r\n\r\n<p style=\"text-align: left;\"><a href=\"https:\/\/liebeundreis.de\/spenden\/\">https:\/\/www.liebeundreis.de\/spenden\/<\/a><br>F\u00fcr eine zweckgebunden Spende vermerke dies bitte mit dem Stichwort \u201eIMWA\u201c im Verwendungszweck. Wenn du eine Spendenbescheinigung haben m\u00f6chtest, gib bitte beim \u00dcberweisungsvorgang deine Kontaktdaten an. Die Spendenbescheinigungen werden jeweils zu Beginn des Folgejahres durch den Verein Liebe und Reis f\u00fcr Gambia e.V. erstellt.<\/p>\r\n","protected":false},"excerpt":{"rendered":"<p>&nbsp; Im Jahr 2012 kaufte die \u00fcberkonfessionelle Missionsgesellschaft IM ein etwa sechs Hektar gro\u00dfes St\u00fcck Land in der Region Sotokoi, nahe der gambischen Hauptstadt Banjul. Bis dato gibt es in Gambia keine eigene Missionsschule. Junge Gambier, die Theologie studieren wollen, gehen ins Ausland &#8211; und viele von ihnen kehren nicht zur\u00fcck. IMWA will nun zum ersten Mal eigene Missionare ausbilden, die in Gambia bleiben und dort das Evangelium weitertragen. Die Schule gew\u00e4hrt au\u00dferdem verfolgten Christen einen Zufluchtsort, um dort gemeinsam [&hellip;]<\/p>\n","protected":false},"author":2,"featured_media":81597,"parent":0,"menu_order":0,"comment_status":"closed","ping_status":"closed","template":"","meta":{"ngg_post_thumbnail":0,"footnotes":""},"class_list":["post-7039","page","type-page","status-publish","has-post-thumbnail","hentry","ctfw-has-image"],"_links":{"self":[{"href":"https:\/\/www.kf-bruchsal.de\/index.php\/wp-json\/wp\/v2\/pages\/7039","targetHints":{"allow":["GET"]}}],"collection":[{"href":"https:\/\/www.kf-bruchsal.de\/index.php\/wp-json\/wp\/v2\/pages"}],"about":[{"href":"https:\/\/www.kf-bruchsal.de\/index.php\/wp-json\/wp\/v2\/types\/page"}],"author":[{"embeddable":true,"href":"https:\/\/www.kf-bruchsal.de\/index.php\/wp-json\/wp\/v2\/users\/2"}],"replies":[{"embeddable":true,"href":"https:\/\/www.kf-bruchsal.de\/index.php\/wp-json\/wp\/v2\/comments?post=7039"}],"version-history":[{"count":19,"href":"https:\/\/www.kf-bruchsal.de\/index.php\/wp-json\/wp\/v2\/pages\/7039\/revisions"}],"predecessor-version":[{"id":82953,"href":"https:\/\/www.kf-bruchsal.de\/index.php\/wp-json\/wp\/v2\/pages\/7039\/revisions\/82953"}],"wp:featuredmedia":[{"embeddable":true,"href":"https:\/\/www.kf-bruchsal.de\/index.php\/wp-json\/wp\/v2\/media\/81597"}],"wp:attachment":[{"href":"https:\/\/www.kf-bruchsal.de\/index.php\/wp-json\/wp\/v2\/media?parent=7039"}],"curies":[{"name":"wp","href":"https:\/\/api.w.org\/{rel}","templated":true}]}}